{"id":1339,"date":"2023-01-06T22:26:00","date_gmt":"2023-01-06T22:26:00","guid":{"rendered":"https:\/\/labrador-retriever-verein.com\/?page_id=1339"},"modified":"2023-01-06T22:34:15","modified_gmt":"2023-01-06T22:34:15","slug":"zufallsgenerator-fuer-welpennamen","status":"publish","type":"page","link":"https:\/\/labrador-retriever-verein.com\/de\/zufallsgenerator-fuer-welpennamen\/","title":{"rendered":"Zufallsgenerator f\u00fcr Welpennamen"},"content":{"rendered":"<title>Random Puppy Name Generator<\/title>\n    <style>\n      .gender-select {\n        display: flex;\n        justify-content: center;\n        align-items: center;\n        font-family: sans-serif;\n        font-size: 20px;\n        background-color: #3d0101;\n        color: white;\n        border: 1px solid #3d0101;\n        border-radius: 5px;\n        padding: 10px;\n      }\n      .name-display {\n        display: flex;\n        justify-content: center;\n        align-items: center;\n        font-family: sans-serif;\n        font-size: 20px;\n        background-color: white;\n        color: #3d0101;\n        border: 1px solid #3d0101;\n        border-radius: 5px;\n        padding: 10px;\n        margin: 10px;\n      }\n      button {\n        font-family: sans-serif;\n        font-size: 16px;\n        background-color: #3d0101;\n        color: white;\n        border: none;\n        border-radius: 5px;\n        padding: 10px;\n        margin: 10px;\n      } \nselect {\n  color: #FFFFFF;\n}\n    <\/style>\n  \n  \n    <div class=\"gender-select\">\n      <label for=\"gender\">Geschlecht ausw\u00e4hlen:<\/label>\n      <select id=\"gender\">\n        <option value=\"male\">M\u00e4nnlich<\/option>\n        <option value=\"female\">Weiblich<\/option>\n      <\/select>\n    <\/div>\n    <div class=\"name-display\">\n      <p id=\"name\"><\/p>\n    <\/div>\n    <button onclick=\"generateName()\">Name generieren<\/button>\n    <button onclick=\"retryName()\">Wiederholen<\/button>\n    <script>\n      const maleNames = [\n        \"Max\", \"Charlie\", \"Cooper\", \"Leo\", \"Rocky\", \"Bear\", \"Tucker\", \"Luigi\", \"George\", \"Duke\", \"Ancho\", \"Faolan\", \"Lupus\", \"Bran\", \"Donn\", \"Pol\", \"Torin\", \"Pan\", \"Kreon\", \"Bane\",\n    \"Apollo\", \"Burrito\", \"Captain\", \"Diesel\", \"Einstein\", \"E.T.\", \"Goethe\", \"Idefix\", \"Kellogs\", \"Pom-Pom\",\n    \"Sami\", \"Robi\", \"Balu\", \"Milo\", \"Charly\", \"Bruno\", \"Lucky\", \"Carlos\", \"Oskar\", \"Bruno\",\n    \"Rob\", \"Sam\", \"Milo\", \"Nero\", \"Lupo\", \"Rudi\", \"Max\", \"Leo\", \"Paco\", \"Doc\",\n    \"Filou\", \"Louis\", \"Romeo\", \"Rio\", \"Barney\", \"Calimero\", \"Alonso\", \"Pablo\", \"Timon\", \"Pluto\",\n    \"Zeus\", \"Wodan\", \"Viho\", \"Tocho\", \"Thanos\", \"Kiko\", \"Gonzales\", \"Holmes\", \"Bullet\", \"Iwan\"\n      ];\n      const femaleNames = [\n        \"Daisy\", \"Lola\", \"Sadie\", \"Molly\", \"Cocoa\", \"Stella\", \"Mia\", \"Sasha\", \"Chloe\", \"Lily\", \"Daisy\", \"Lola\", \"Sadie\", \"Molly\", \"Cocoa\", \"Stella\", \"Mia\", \"Sasha\", \"Chloe\", \"Lily\",\n        \"Alva\", \"Avani\", \"Celia\", \"Essa\", \"Faina\", \"Gaia\", \"Koko\", \"Lani\", \"Minu\", \"Suvi\",\n        \"Tora\", \"Viva\", \"Zora\", \"Shira\", \"Ria\", \"Mali\", \"Koko\", \"Avani\", \"Indra\", \"Suki\",\n        \"Cleo\", \"Diva\", \"Kyra\", \"Pixie\", \"Jette\", \"Greta\", \"Indra\", \"Lilou\", \"Emma\", \"Bonny\",\n        \"Liv\", \"Ava\", \"Amy\", \"Bea\", \"Eve\", \"Fee\", \"Deb\", \"Ida\", \"Fine\", \"Jen\", \"Jolie\", \"Lucy\", \"Melody\", \"Baby\", \"Honey\", \"Bella\", \"Luna\", \"Nala\", \"Rosy\", \"Finja\", \"Anila\", \"Bala\", \"Kyla\", \"Lule\", \"Sunita\", \"Sora\", \"Rani\", \"Mari\", \"Malka\", \"Kanti\", \"Heli\", \"Milla\", \"Pippi\", \"Dagna\", \"Liska\", \"Freya\", \"Swea\", \"Lida\", \"Henna\", \"Aino\", \"Hattie\", \"Ginger\", \"Candy\", \"Flake\", \"Goldie\", \"Hope\", \"Joy\", \"Lady\", \"Grace\", \"Daisy\"\n      ];\n      function generateName() {\n        const gender = document.getElementById(\"gender\").value;\n        let name;\n        if (gender === \"male\") {\n          name = maleNames[Math.floor(Math.random() * maleNames.length)];\n        } else {\n          name = femaleNames[Math.floor(Math.random() * femaleNames.length)];\n        }\n        document.getElementById(\"name\").innerHTML = name;\n      }\n      function retryName() {\n        generateName();\n      }\n    <\/script>","protected":false},"excerpt":{"rendered":"<p>Random Puppy Name Generator Geschlecht ausw\u00e4hlen: M\u00e4nnlich Weiblich Name generieren Wiederholen<\/p>","protected":false},"author":1,"featured_media":0,"parent":0,"menu_order":0,"comment_status":"closed","ping_status":"closed","template":"","meta":{"footnotes":""},"class_list":["post-1339","page","type-page","status-publish","hentry"],"yoast_head":"<!-- This site is optimized with the Yoast SEO Premium plugin v19.5 (Yoast SEO v24.3) - https:\/\/yoast.com\/wordpress\/plugins\/seo\/ -->\n<title>Zufallsgenerator f\u00fcr Welpennamen - Labrador Retriever Verein<\/title>\n<meta name=\"robots\" content=\"index, follow, max-snippet:-1, max-image-preview:large, max-video-preview:-1\" \/>\n<link rel=\"canonical\" href=\"https:\/\/labrador-retriever-verein.com\/de\/zufallsgenerator-fuer-welpennamen\/\" \/>\n<meta property=\"og:locale\" content=\"de_DE\" \/>\n<meta property=\"og:type\" content=\"article\" \/>\n<meta property=\"og:title\" content=\"Zufallsgenerator f\u00fcr Welpennamen\" \/>\n<meta property=\"og:description\" content=\"Random Puppy Name Generator Geschlecht ausw\u00e4hlen: M\u00e4nnlich Weiblich Name generieren Wiederholen\" \/>\n<meta property=\"og:url\" content=\"https:\/\/labrador-retriever-verein.com\/de\/zufallsgenerator-fuer-welpennamen\/\" \/>\n<meta property=\"og:site_name\" content=\"Labrador Retriever Verein\" \/>\n<meta property=\"article:modified_time\" content=\"2023-01-06T22:34:15+00:00\" \/>\n<meta name=\"twitter:card\" content=\"summary_large_image\" \/>\n<meta name=\"twitter:label1\" content=\"Gesch\u00e4tzte Lesezeit\" \/>\n\t<meta name=\"twitter:data1\" content=\"2\u00a0Minuten\" \/>\n<script type=\"application\/ld+json\" class=\"yoast-schema-graph\">{\"@context\":\"https:\/\/schema.org\",\"@graph\":[{\"@type\":\"WebPage\",\"@id\":\"https:\/\/labrador-retriever-verein.com\/zufallsgenerator-fuer-welpennamen\/\",\"url\":\"https:\/\/labrador-retriever-verein.com\/zufallsgenerator-fuer-welpennamen\/\",\"name\":\"Zufallsgenerator f\u00fcr Welpennamen - Labrador Retriever Verein\",\"isPartOf\":{\"@id\":\"https:\/\/labrador-retriever-verein.com\/#website\"},\"datePublished\":\"2023-01-06T22:26:00+00:00\",\"dateModified\":\"2023-01-06T22:34:15+00:00\",\"breadcrumb\":{\"@id\":\"https:\/\/labrador-retriever-verein.com\/zufallsgenerator-fuer-welpennamen\/#breadcrumb\"},\"inLanguage\":\"de\",\"potentialAction\":[{\"@type\":\"ReadAction\",\"target\":[\"https:\/\/labrador-retriever-verein.com\/zufallsgenerator-fuer-welpennamen\/\"]}]},{\"@type\":\"BreadcrumbList\",\"@id\":\"https:\/\/labrador-retriever-verein.com\/zufallsgenerator-fuer-welpennamen\/#breadcrumb\",\"itemListElement\":[{\"@type\":\"ListItem\",\"position\":1,\"name\":\"Home\",\"item\":\"https:\/\/labrador-retriever-verein.com\/\"},{\"@type\":\"ListItem\",\"position\":2,\"name\":\"Zufallsgenerator f\u00fcr Welpennamen\"}]},{\"@type\":\"WebSite\",\"@id\":\"https:\/\/labrador-retriever-verein.com\/#website\",\"url\":\"https:\/\/labrador-retriever-verein.com\/\",\"name\":\"Labrador Retriever Verein\",\"description\":\"Wir sind wirklich verliebt in Labradore\",\"potentialAction\":[{\"@type\":\"SearchAction\",\"target\":{\"@type\":\"EntryPoint\",\"urlTemplate\":\"https:\/\/labrador-retriever-verein.com\/?s={search_term_string}\"},\"query-input\":{\"@type\":\"PropertyValueSpecification\",\"valueRequired\":true,\"valueName\":\"search_term_string\"}}],\"inLanguage\":\"de\"}]}<\/script>\n<!-- \/ Yoast SEO Premium plugin. -->","yoast_head_json":{"title":"Zufallsgenerator f\u00fcr Welpennamen - Labrador Retriever Verein","robots":{"index":"index","follow":"follow","max-snippet":"max-snippet:-1","max-image-preview":"max-image-preview:large","max-video-preview":"max-video-preview:-1"},"canonical":"https:\/\/labrador-retriever-verein.com\/de\/zufallsgenerator-fuer-welpennamen\/","og_locale":"de_DE","og_type":"article","og_title":"Zufallsgenerator f\u00fcr Welpennamen","og_description":"Random Puppy Name Generator Geschlecht ausw\u00e4hlen: M\u00e4nnlich Weiblich Name generieren Wiederholen","og_url":"https:\/\/labrador-retriever-verein.com\/de\/zufallsgenerator-fuer-welpennamen\/","og_site_name":"Labrador Retriever Verein","article_modified_time":"2023-01-06T22:34:15+00:00","twitter_card":"summary_large_image","twitter_misc":{"Gesch\u00e4tzte Lesezeit":"2\u00a0Minuten"},"schema":{"@context":"https:\/\/schema.org","@graph":[{"@type":"WebPage","@id":"https:\/\/labrador-retriever-verein.com\/zufallsgenerator-fuer-welpennamen\/","url":"https:\/\/labrador-retriever-verein.com\/zufallsgenerator-fuer-welpennamen\/","name":"Zufallsgenerator f\u00fcr Welpennamen - Labrador Retriever Verein","isPartOf":{"@id":"https:\/\/labrador-retriever-verein.com\/#website"},"datePublished":"2023-01-06T22:26:00+00:00","dateModified":"2023-01-06T22:34:15+00:00","breadcrumb":{"@id":"https:\/\/labrador-retriever-verein.com\/zufallsgenerator-fuer-welpennamen\/#breadcrumb"},"inLanguage":"de","potentialAction":[{"@type":"ReadAction","target":["https:\/\/labrador-retriever-verein.com\/zufallsgenerator-fuer-welpennamen\/"]}]},{"@type":"BreadcrumbList","@id":"https:\/\/labrador-retriever-verein.com\/zufallsgenerator-fuer-welpennamen\/#breadcrumb","itemListElement":[{"@type":"ListItem","position":1,"name":"Home","item":"https:\/\/labrador-retriever-verein.com\/"},{"@type":"ListItem","position":2,"name":"Zufallsgenerator f\u00fcr Welpennamen"}]},{"@type":"WebSite","@id":"https:\/\/labrador-retriever-verein.com\/#website","url":"https:\/\/labrador-retriever-verein.com\/","name":"Labrador Retriever Verein","description":"Wir sind wirklich verliebt in Labradore","potentialAction":[{"@type":"SearchAction","target":{"@type":"EntryPoint","urlTemplate":"https:\/\/labrador-retriever-verein.com\/?s={search_term_string}"},"query-input":{"@type":"PropertyValueSpecification","valueRequired":true,"valueName":"search_term_string"}}],"inLanguage":"de"}]}},"_links":{"self":[{"href":"https:\/\/labrador-retriever-verein.com\/de\/wp-json\/wp\/v2\/pages\/1339","targetHints":{"allow":["GET"]}}],"collection":[{"href":"https:\/\/labrador-retriever-verein.com\/de\/wp-json\/wp\/v2\/pages"}],"about":[{"href":"https:\/\/labrador-retriever-verein.com\/de\/wp-json\/wp\/v2\/types\/page"}],"author":[{"embeddable":true,"href":"https:\/\/labrador-retriever-verein.com\/de\/wp-json\/wp\/v2\/users\/1"}],"replies":[{"embeddable":true,"href":"https:\/\/labrador-retriever-verein.com\/de\/wp-json\/wp\/v2\/comments?post=1339"}],"version-history":[{"count":0,"href":"https:\/\/labrador-retriever-verein.com\/de\/wp-json\/wp\/v2\/pages\/1339\/revisions"}],"wp:attachment":[{"href":"https:\/\/labrador-retriever-verein.com\/de\/wp-json\/wp\/v2\/media?parent=1339"}],"curies":[{"name":"wp","href":"https:\/\/api.w.org\/{rel}","templated":true}]}}