{"id":1036,"date":"2022-11-26T16:36:10","date_gmt":"2022-11-26T16:36:10","guid":{"rendered":"https:\/\/labrador-retriever-verein.com\/?page_id=1036"},"modified":"2022-12-03T09:34:53","modified_gmt":"2022-12-03T09:34:53","slug":"haftungsausschluss","status":"publish","type":"page","link":"https:\/\/labrador-retriever-verein.com\/de\/haftungsausschluss\/","title":{"rendered":"Haftungsausschluss"},"content":{"rendered":"<p>Wenn Sie weitere Informationen ben\u00f6tigen oder Fragen zum Haftungsausschluss unserer Website haben, k\u00f6nnen Sie uns gerne per E-Mail unter contact@labrador-retriever-verein.com kontaktieren.<\/p>\n\n<h2>Haftungsausschl\u00fcsse f\u00fcr Labrador Retriever Verein<\/h2>\n\n<p>Alle Informationen auf dieser Website &#8211; https:\/\/labrador-retriever-verein.blogspot.com\/ &#8211; werden nach bestem Wissen und Gewissen und nur zu allgemeinen Informationszwecken ver\u00f6ffentlicht. labrador retriever verein \u00fcbernimmt keine Gew\u00e4hr f\u00fcr die Vollst\u00e4ndigkeit, Zuverl\u00e4ssigkeit und Richtigkeit dieser Informationen. Jede Handlung, die Sie aufgrund der Informationen, die Sie auf dieser Website (labrador retriever verein) finden, vornehmen, geschieht ausschlie\u00dflich auf Ihr eigenes Risiko. labrador retriever verein haftet nicht f\u00fcr Verluste und\/oder Sch\u00e4den im Zusammenhang mit der Nutzung unserer Website.<\/p>\n\n<p>Von unserer Website aus k\u00f6nnen Sie andere Websites besuchen, indem Sie Hyperlinks zu solchen externen Websites folgen. Obwohl wir uns bem\u00fchen, nur qualitativ hochwertige Links zu n\u00fctzlichen und ethischen Websites anzubieten, haben wir keine Kontrolle \u00fcber den Inhalt und die Art dieser Websites. Diese Links zu anderen Websites stellen keine Empfehlung f\u00fcr den gesamten Inhalt dieser Websites dar. Die Eigent\u00fcmer und Inhalte der Websites k\u00f6nnen sich ohne Vorank\u00fcndigung \u00e4ndern und es kann vorkommen, dass wir einen Link, der m\u00f6glicherweise &#8222;schlecht&#8220; geworden ist, nicht entfernen k\u00f6nnen.<\/p>\n\n<p>Bitte beachten Sie auch, dass andere Websites, wenn Sie unsere Website verlassen, andere Datenschutzrichtlinien und -bedingungen haben k\u00f6nnen, auf die wir keinen Einfluss haben. Bitte informieren Sie sich \u00fcber die Datenschutzrichtlinien dieser Websites sowie \u00fcber deren &#8222;Nutzungsbedingungen&#8220;, bevor Sie Gesch\u00e4fte t\u00e4tigen oder Informationen hochladen.<\/p>\n\n<h2>Zustimmung<\/h2>\n\n<p>Durch die Nutzung unserer Website erkl\u00e4ren Sie sich mit unserem Haftungsausschluss einverstanden und stimmen dessen Bedingungen zu.<\/p>\n\n<h2>Update<\/h2>\n\n<p>Sollten wir dieses Dokument aktualisieren, erg\u00e4nzen oder \u00e4ndern, werden diese \u00c4nderungen an dieser Stelle deutlich sichtbar ver\u00f6ffentlicht.<\/p>","protected":false},"excerpt":{"rendered":"<p>Wenn Sie weitere Informationen ben\u00f6tigen oder Fragen zum Haftungsausschluss unserer Website haben, k\u00f6nnen Sie uns gerne per E-Mail unter contact@labrador-retriever-verein.com kontaktieren. Haftungsausschl\u00fcsse f\u00fcr Labrador Retriever Verein Alle Informationen auf dieser Website &#8211; https:\/\/labrador-retriever-verein.blogspot.com\/ &#8211; werden nach bestem Wissen und Gewissen und nur zu allgemeinen Informationszwecken ver\u00f6ffentlicht. labrador retriever verein \u00fcbernimmt keine Gew\u00e4hr f\u00fcr die Vollst\u00e4ndigkeit, &hellip;<\/p>","protected":false},"author":1,"featured_media":0,"parent":0,"menu_order":0,"comment_status":"closed","ping_status":"closed","template":"","meta":{"footnotes":""},"class_list":["post-1036","page","type-page","status-publish","hentry"],"yoast_head":"<!-- This site is optimized with the Yoast SEO Premium plugin v19.5 (Yoast SEO v24.3) - https:\/\/yoast.com\/wordpress\/plugins\/seo\/ -->\n<title>Haftungsausschluss - Labrador Retriever Verein<\/title>\n<meta name=\"robots\" content=\"index, follow, max-snippet:-1, max-image-preview:large, max-video-preview:-1\" \/>\n<link rel=\"canonical\" href=\"https:\/\/labrador-retriever-verein.com\/de\/haftungsausschluss\/\" \/>\n<meta property=\"og:locale\" content=\"de_DE\" \/>\n<meta property=\"og:type\" content=\"article\" \/>\n<meta property=\"og:title\" content=\"Haftungsausschluss\" \/>\n<meta property=\"og:description\" content=\"Wenn Sie weitere Informationen ben\u00f6tigen oder Fragen zum Haftungsausschluss unserer Website haben, k\u00f6nnen Sie uns gerne per E-Mail unter contact@labrador-retriever-verein.com kontaktieren. Haftungsausschl\u00fcsse f\u00fcr Labrador Retriever Verein Alle Informationen auf dieser Website &#8211; https:\/\/labrador-retriever-verein.blogspot.com\/ &#8211; werden nach bestem Wissen und Gewissen und nur zu allgemeinen Informationszwecken ver\u00f6ffentlicht. labrador retriever verein \u00fcbernimmt keine Gew\u00e4hr f\u00fcr die Vollst\u00e4ndigkeit, &hellip;\" \/>\n<meta property=\"og:url\" content=\"https:\/\/labrador-retriever-verein.com\/de\/haftungsausschluss\/\" \/>\n<meta property=\"og:site_name\" content=\"Labrador Retriever Verein\" \/>\n<meta property=\"article:modified_time\" content=\"2022-12-03T09:34:53+00:00\" \/>\n<meta name=\"twitter:card\" content=\"summary_large_image\" \/>\n<meta name=\"twitter:label1\" content=\"Gesch\u00e4tzte Lesezeit\" \/>\n\t<meta name=\"twitter:data1\" content=\"2\u00a0Minuten\" \/>\n<script type=\"application\/ld+json\" class=\"yoast-schema-graph\">{\"@context\":\"https:\/\/schema.org\",\"@graph\":[{\"@type\":\"WebPage\",\"@id\":\"https:\/\/labrador-retriever-verein.com\/haftungsausschluss\/\",\"url\":\"https:\/\/labrador-retriever-verein.com\/haftungsausschluss\/\",\"name\":\"Haftungsausschluss - Labrador Retriever Verein\",\"isPartOf\":{\"@id\":\"https:\/\/labrador-retriever-verein.com\/#website\"},\"datePublished\":\"2022-11-26T16:36:10+00:00\",\"dateModified\":\"2022-12-03T09:34:53+00:00\",\"breadcrumb\":{\"@id\":\"https:\/\/labrador-retriever-verein.com\/haftungsausschluss\/#breadcrumb\"},\"inLanguage\":\"de\",\"potentialAction\":[{\"@type\":\"ReadAction\",\"target\":[\"https:\/\/labrador-retriever-verein.com\/haftungsausschluss\/\"]}]},{\"@type\":\"BreadcrumbList\",\"@id\":\"https:\/\/labrador-retriever-verein.com\/haftungsausschluss\/#breadcrumb\",\"itemListElement\":[{\"@type\":\"ListItem\",\"position\":1,\"name\":\"Home\",\"item\":\"https:\/\/labrador-retriever-verein.com\/\"},{\"@type\":\"ListItem\",\"position\":2,\"name\":\"Haftungsausschluss\"}]},{\"@type\":\"WebSite\",\"@id\":\"https:\/\/labrador-retriever-verein.com\/#website\",\"url\":\"https:\/\/labrador-retriever-verein.com\/\",\"name\":\"Labrador Retriever Verein\",\"description\":\"Wir sind wirklich verliebt in Labradore\",\"potentialAction\":[{\"@type\":\"SearchAction\",\"target\":{\"@type\":\"EntryPoint\",\"urlTemplate\":\"https:\/\/labrador-retriever-verein.com\/?s={search_term_string}\"},\"query-input\":{\"@type\":\"PropertyValueSpecification\",\"valueRequired\":true,\"valueName\":\"search_term_string\"}}],\"inLanguage\":\"de\"}]}<\/script>\n<!-- \/ Yoast SEO Premium plugin. -->","yoast_head_json":{"title":"Haftungsausschluss - Labrador Retriever Verein","robots":{"index":"index","follow":"follow","max-snippet":"max-snippet:-1","max-image-preview":"max-image-preview:large","max-video-preview":"max-video-preview:-1"},"canonical":"https:\/\/labrador-retriever-verein.com\/de\/haftungsausschluss\/","og_locale":"de_DE","og_type":"article","og_title":"Haftungsausschluss","og_description":"Wenn Sie weitere Informationen ben\u00f6tigen oder Fragen zum Haftungsausschluss unserer Website haben, k\u00f6nnen Sie uns gerne per E-Mail unter contact@labrador-retriever-verein.com kontaktieren. Haftungsausschl\u00fcsse f\u00fcr Labrador Retriever Verein Alle Informationen auf dieser Website &#8211; https:\/\/labrador-retriever-verein.blogspot.com\/ &#8211; werden nach bestem Wissen und Gewissen und nur zu allgemeinen Informationszwecken ver\u00f6ffentlicht. labrador retriever verein \u00fcbernimmt keine Gew\u00e4hr f\u00fcr die Vollst\u00e4ndigkeit, &hellip;","og_url":"https:\/\/labrador-retriever-verein.com\/de\/haftungsausschluss\/","og_site_name":"Labrador Retriever Verein","article_modified_time":"2022-12-03T09:34:53+00:00","twitter_card":"summary_large_image","twitter_misc":{"Gesch\u00e4tzte Lesezeit":"2\u00a0Minuten"},"schema":{"@context":"https:\/\/schema.org","@graph":[{"@type":"WebPage","@id":"https:\/\/labrador-retriever-verein.com\/haftungsausschluss\/","url":"https:\/\/labrador-retriever-verein.com\/haftungsausschluss\/","name":"Haftungsausschluss - Labrador Retriever Verein","isPartOf":{"@id":"https:\/\/labrador-retriever-verein.com\/#website"},"datePublished":"2022-11-26T16:36:10+00:00","dateModified":"2022-12-03T09:34:53+00:00","breadcrumb":{"@id":"https:\/\/labrador-retriever-verein.com\/haftungsausschluss\/#breadcrumb"},"inLanguage":"de","potentialAction":[{"@type":"ReadAction","target":["https:\/\/labrador-retriever-verein.com\/haftungsausschluss\/"]}]},{"@type":"BreadcrumbList","@id":"https:\/\/labrador-retriever-verein.com\/haftungsausschluss\/#breadcrumb","itemListElement":[{"@type":"ListItem","position":1,"name":"Home","item":"https:\/\/labrador-retriever-verein.com\/"},{"@type":"ListItem","position":2,"name":"Haftungsausschluss"}]},{"@type":"WebSite","@id":"https:\/\/labrador-retriever-verein.com\/#website","url":"https:\/\/labrador-retriever-verein.com\/","name":"Labrador Retriever Verein","description":"Wir sind wirklich verliebt in Labradore","potentialAction":[{"@type":"SearchAction","target":{"@type":"EntryPoint","urlTemplate":"https:\/\/labrador-retriever-verein.com\/?s={search_term_string}"},"query-input":{"@type":"PropertyValueSpecification","valueRequired":true,"valueName":"search_term_string"}}],"inLanguage":"de"}]}},"_links":{"self":[{"href":"https:\/\/labrador-retriever-verein.com\/de\/wp-json\/wp\/v2\/pages\/1036","targetHints":{"allow":["GET"]}}],"collection":[{"href":"https:\/\/labrador-retriever-verein.com\/de\/wp-json\/wp\/v2\/pages"}],"about":[{"href":"https:\/\/labrador-retriever-verein.com\/de\/wp-json\/wp\/v2\/types\/page"}],"author":[{"embeddable":true,"href":"https:\/\/labrador-retriever-verein.com\/de\/wp-json\/wp\/v2\/users\/1"}],"replies":[{"embeddable":true,"href":"https:\/\/labrador-retriever-verein.com\/de\/wp-json\/wp\/v2\/comments?post=1036"}],"version-history":[{"count":0,"href":"https:\/\/labrador-retriever-verein.com\/de\/wp-json\/wp\/v2\/pages\/1036\/revisions"}],"wp:attachment":[{"href":"https:\/\/labrador-retriever-verein.com\/de\/wp-json\/wp\/v2\/media?parent=1036"}],"curies":[{"name":"wp","href":"https:\/\/api.w.org\/{rel}","templated":true}]}}