{"id":1033,"date":"2022-11-26T16:30:48","date_gmt":"2022-11-26T16:30:48","guid":{"rendered":"https:\/\/labrador-retriever-verein.com\/?page_id=1033"},"modified":"2022-11-26T16:31:39","modified_gmt":"2022-11-26T16:31:39","slug":"cookie-richtlinie","status":"publish","type":"page","link":"https:\/\/labrador-retriever-verein.com\/de\/cookie-richtlinie\/","title":{"rendered":"Cookie-Richtlinie"},"content":{"rendered":"<p>Dies ist die Cookie-Richtlinie f\u00fcr den Labrador Retriever Verein, zug\u00e4nglich \u00fcber https:\/\/labrador-retriever-verein.blogspot.com\/#<\/p>\n\n<p><strong>Was sind Cookies?<\/strong><\/p>\n\n<p>Wie bei fast allen professionellen Websites \u00fcblich, verwendet auch diese Website Cookies, d. h. kleine Dateien, die auf Ihren Computer heruntergeladen werden, um Ihre Erfahrung zu verbessern. Auf dieser Seite wird beschrieben, welche Informationen sie sammeln, wie wir sie verwenden und warum wir diese Cookies manchmal speichern m\u00fcssen. Wir teilen Ihnen auch mit, wie Sie die Speicherung dieser Cookies verhindern k\u00f6nnen, was jedoch bestimmte Funktionen der Website beeintr\u00e4chtigen kann.<\/p>\n\n<p><strong>Wie wir Cookies verwenden<\/strong><\/p>\n\n<p>Wir verwenden Cookies aus einer Vielzahl von Gr\u00fcnden, die im Folgenden aufgef\u00fchrt sind. Leider gibt es in den meisten F\u00e4llen keine branchen\u00fcblichen Optionen zur Deaktivierung von Cookies, ohne die Funktionen und Merkmale, die sie dieser Website hinzuf\u00fcgen, vollst\u00e4ndig zu deaktivieren. Es wird empfohlen, alle Cookies zuzulassen, wenn Sie nicht sicher sind, ob Sie sie ben\u00f6tigen oder nicht, falls sie zur Bereitstellung eines von Ihnen genutzten Dienstes verwendet werden.<\/p>\n\n<p><strong>Deaktivieren von Cookies<\/strong><\/p>\n\n<p>Sie k\u00f6nnen das Setzen von Cookies verhindern, indem Sie die Einstellungen Ihres Browsers anpassen (siehe dazu die Hilfe Ihres Browsers). Beachten Sie, dass die Deaktivierung von Cookies die Funktionalit\u00e4t dieser und vieler anderer Websites, die Sie besuchen, beeintr\u00e4chtigen wird. Die Deaktivierung von Cookies f\u00fchrt in der Regel auch zur Deaktivierung bestimmter Funktionen und Merkmale dieser Website. Es wird daher empfohlen, Cookies nicht zu deaktivieren. Diese Cookie-Richtlinie wurde mit Hilfe der <a href=\"https:\/\/www.cookiepolicygenerator.com\/cookie-policy-generator\/\">Cookies Policy Generator<\/a>.<\/p>\n<p><strong>The Cookies We Set<\/strong><\/p>\n\n<ul>\n\n\n\n\n\n\n\n<li>\n    <p>Cookies f\u00fcr Website-Einstellungen<\/p>\n    <p>Um Ihnen einen angenehmen Aufenthalt auf dieser Website zu erm\u00f6glichen, bieten wir Ihnen die M\u00f6glichkeit, Ihre Pr\u00e4ferenzen f\u00fcr den Betrieb dieser Website festzulegen, wenn Sie sie nutzen. Damit wir uns Ihre Pr\u00e4ferenzen merken k\u00f6nnen, m\u00fcssen wir Cookies setzen, damit diese Informationen bei jeder Interaktion mit einer Seite aufgerufen werden k\u00f6nnen, die von Ihren Pr\u00e4ferenzen beeinflusst wird.<\/p>\n<\/li>\n\n<\/ul>\n\n<p><strong>Cookies von Dritten<\/strong><\/p>\n\n<p>In einigen besonderen F\u00e4llen verwenden wir auch Cookies, die von vertrauensw\u00fcrdigen Dritten bereitgestellt werden. Der folgende Abschnitt beschreibt, welche Cookies von Dritten Sie auf dieser Website finden k\u00f6nnen.<\/p>\n\n<ul>\n\n<li>\n    <p>Diese Website verwendet Google Analytics, eine der am weitesten verbreiteten und vertrauensw\u00fcrdigsten Analysel\u00f6sungen im Internet, die uns hilft zu verstehen, wie Sie die Website nutzen und wie wir Ihre Erfahrung verbessern k\u00f6nnen. Diese Cookies k\u00f6nnen Dinge wie Ihre Verweildauer auf der Website und die von Ihnen besuchten Seiten aufzeichnen, damit wir weiterhin ansprechende Inhalte erstellen k\u00f6nnen.<\/p>\n    <p>Weitere Informationen zu Google Analytics-Cookies finden Sie auf der offiziellen Google Analytics-Seite.<\/p>\n<\/li>\n\n\n<li>\n    <p>Von Zeit zu Zeit testen wir neue Funktionen und nehmen geringf\u00fcgige \u00c4nderungen an der Art und Weise vor, wie die Website bereitgestellt wird. Wenn wir noch neue Funktionen testen, k\u00f6nnen diese Cookies verwendet werden, um sicherzustellen, dass Sie auf der Website ein einheitliches Erlebnis haben, und um zu verstehen, welche Optimierungen unsere Nutzer am meisten sch\u00e4tzen.<\/p>\n<\/li>\n\n\n<li>\n    <p>Der Google AdSense-Dienst, den wir zur Schaltung von Werbung nutzen, verwendet ein DoubleClick-Cookie, um relevantere Anzeigen im Internet zu schalten und die Anzahl der Anzeigen zu begrenzen, die Ihnen gezeigt werden.<\/p>\n    <p>Weitere Informationen zu Google AdSense finden Sie in den offiziellen Datenschutz-FAQ zu Google AdSense.<\/p>\n<\/li>\n\n<li>\n    <p>Wir verwenden Werbeanzeigen, um die Kosten f\u00fcr den Betrieb dieser Website zu decken und die weitere Entwicklung zu finanzieren. Die Cookies f\u00fcr verhaltensbasierte Werbung, die auf dieser Website verwendet werden, sollen sicherstellen, dass wir Ihnen m\u00f6glichst relevante Werbung anbieten, indem wir Ihre Interessen anonym verfolgen und \u00e4hnliche Dinge pr\u00e4sentieren, die von Interesse sein k\u00f6nnten.<\/p>\n<\/li>\n\n\n<li>\n    <p>Mehrere Partner werben in unserem Namen, und die Cookies f\u00fcr die Nachverfolgung der Partner erm\u00f6glichen es uns einfach zu sehen, ob unsere Kunden \u00fcber eine unserer Partnerseiten auf die Website gekommen sind, so dass wir ihnen die entsprechenden Gutschriften erteilen k\u00f6nnen und es unseren Partnern gegebenenfalls erm\u00f6glichen, Ihnen einen Bonus f\u00fcr einen Kauf zu gew\u00e4hren.<\/p>\n<\/li>\n\n\n<\/ul>\n\n<p><strong>Mehr Informationen<\/strong><\/p>\n\n<p>Wie bereits erw\u00e4hnt, ist es bei Dingen, bei denen Sie sich nicht sicher sind, ob Sie sie ben\u00f6tigen, in der Regel sicherer, die Cookies aktiviert zu lassen, f\u00fcr den Fall, dass sie mit einer der Funktionen, die Sie auf unserer Website nutzen, interagieren.<\/p>\n\n<p>F\u00fcr weitere allgemeine Informationen \u00fcber Cookies lesen Sie bitte <a href=\"https:\/\/www.cookiepolicygenerator.com\/sample-cookies-policy\/\">den Artikel \u00fcber die Cookies-Politik<\/a>.<\/p>\n\n<p>Wenn Sie jedoch noch weitere Informationen w\u00fcnschen, k\u00f6nnen Sie uns \u00fcber eine unserer bevorzugten Kontaktmethoden kontaktieren:<\/p>\n\n<ul>\n<li>Email: contact@labrador-retriever-verein.com<\/li>\n\n<li>Phone:0783145654<\/li><\/ul>","protected":false},"excerpt":{"rendered":"<p>Dies ist die Cookie-Richtlinie f\u00fcr den Labrador Retriever Verein, zug\u00e4nglich \u00fcber https:\/\/labrador-retriever-verein.blogspot.com\/# Was sind Cookies? Wie bei fast allen professionellen Websites \u00fcblich, verwendet auch diese Website Cookies, d. h. kleine Dateien, die auf Ihren Computer heruntergeladen werden, um Ihre Erfahrung zu verbessern. Auf dieser Seite wird beschrieben, welche Informationen sie sammeln, wie wir sie verwenden &hellip;<\/p>","protected":false},"author":1,"featured_media":0,"parent":0,"menu_order":0,"comment_status":"closed","ping_status":"closed","template":"","meta":{"footnotes":""},"class_list":["post-1033","page","type-page","status-publish","hentry"],"yoast_head":"<!-- This site is optimized with the Yoast SEO Premium plugin v19.5 (Yoast SEO v24.3) - https:\/\/yoast.com\/wordpress\/plugins\/seo\/ -->\n<title>Cookie-Richtlinie - Labrador Retriever Verein<\/title>\n<meta name=\"robots\" content=\"index, follow, max-snippet:-1, max-image-preview:large, max-video-preview:-1\" \/>\n<link rel=\"canonical\" href=\"https:\/\/labrador-retriever-verein.com\/de\/cookie-richtlinie\/\" \/>\n<meta property=\"og:locale\" content=\"de_DE\" \/>\n<meta property=\"og:type\" content=\"article\" \/>\n<meta property=\"og:title\" content=\"Cookie-Richtlinie\" \/>\n<meta property=\"og:description\" content=\"Dies ist die Cookie-Richtlinie f\u00fcr den Labrador Retriever Verein, zug\u00e4nglich \u00fcber https:\/\/labrador-retriever-verein.blogspot.com\/# Was sind Cookies? Wie bei fast allen professionellen Websites \u00fcblich, verwendet auch diese Website Cookies, d. h. kleine Dateien, die auf Ihren Computer heruntergeladen werden, um Ihre Erfahrung zu verbessern. Auf dieser Seite wird beschrieben, welche Informationen sie sammeln, wie wir sie verwenden &hellip;\" \/>\n<meta property=\"og:url\" content=\"https:\/\/labrador-retriever-verein.com\/de\/cookie-richtlinie\/\" \/>\n<meta property=\"og:site_name\" content=\"Labrador Retriever Verein\" \/>\n<meta property=\"article:modified_time\" content=\"2022-11-26T16:31:39+00:00\" \/>\n<meta name=\"twitter:card\" content=\"summary_large_image\" \/>\n<meta name=\"twitter:label1\" content=\"Gesch\u00e4tzte Lesezeit\" \/>\n\t<meta name=\"twitter:data1\" content=\"4\u00a0Minuten\" \/>\n<script type=\"application\/ld+json\" class=\"yoast-schema-graph\">{\"@context\":\"https:\/\/schema.org\",\"@graph\":[{\"@type\":\"WebPage\",\"@id\":\"https:\/\/labrador-retriever-verein.com\/cookie-richtlinie\/\",\"url\":\"https:\/\/labrador-retriever-verein.com\/cookie-richtlinie\/\",\"name\":\"Cookie-Richtlinie - Labrador Retriever Verein\",\"isPartOf\":{\"@id\":\"https:\/\/labrador-retriever-verein.com\/#website\"},\"datePublished\":\"2022-11-26T16:30:48+00:00\",\"dateModified\":\"2022-11-26T16:31:39+00:00\",\"breadcrumb\":{\"@id\":\"https:\/\/labrador-retriever-verein.com\/cookie-richtlinie\/#breadcrumb\"},\"inLanguage\":\"de\",\"potentialAction\":[{\"@type\":\"ReadAction\",\"target\":[\"https:\/\/labrador-retriever-verein.com\/cookie-richtlinie\/\"]}]},{\"@type\":\"BreadcrumbList\",\"@id\":\"https:\/\/labrador-retriever-verein.com\/cookie-richtlinie\/#breadcrumb\",\"itemListElement\":[{\"@type\":\"ListItem\",\"position\":1,\"name\":\"Home\",\"item\":\"https:\/\/labrador-retriever-verein.com\/\"},{\"@type\":\"ListItem\",\"position\":2,\"name\":\"Cookie-Richtlinie\"}]},{\"@type\":\"WebSite\",\"@id\":\"https:\/\/labrador-retriever-verein.com\/#website\",\"url\":\"https:\/\/labrador-retriever-verein.com\/\",\"name\":\"Labrador Retriever Verein\",\"description\":\"Wir sind wirklich verliebt in Labradore\",\"potentialAction\":[{\"@type\":\"SearchAction\",\"target\":{\"@type\":\"EntryPoint\",\"urlTemplate\":\"https:\/\/labrador-retriever-verein.com\/?s={search_term_string}\"},\"query-input\":{\"@type\":\"PropertyValueSpecification\",\"valueRequired\":true,\"valueName\":\"search_term_string\"}}],\"inLanguage\":\"de\"}]}<\/script>\n<!-- \/ Yoast SEO Premium plugin. -->","yoast_head_json":{"title":"Cookie-Richtlinie - Labrador Retriever Verein","robots":{"index":"index","follow":"follow","max-snippet":"max-snippet:-1","max-image-preview":"max-image-preview:large","max-video-preview":"max-video-preview:-1"},"canonical":"https:\/\/labrador-retriever-verein.com\/de\/cookie-richtlinie\/","og_locale":"de_DE","og_type":"article","og_title":"Cookie-Richtlinie","og_description":"Dies ist die Cookie-Richtlinie f\u00fcr den Labrador Retriever Verein, zug\u00e4nglich \u00fcber https:\/\/labrador-retriever-verein.blogspot.com\/# Was sind Cookies? Wie bei fast allen professionellen Websites \u00fcblich, verwendet auch diese Website Cookies, d. h. kleine Dateien, die auf Ihren Computer heruntergeladen werden, um Ihre Erfahrung zu verbessern. Auf dieser Seite wird beschrieben, welche Informationen sie sammeln, wie wir sie verwenden &hellip;","og_url":"https:\/\/labrador-retriever-verein.com\/de\/cookie-richtlinie\/","og_site_name":"Labrador Retriever Verein","article_modified_time":"2022-11-26T16:31:39+00:00","twitter_card":"summary_large_image","twitter_misc":{"Gesch\u00e4tzte Lesezeit":"4\u00a0Minuten"},"schema":{"@context":"https:\/\/schema.org","@graph":[{"@type":"WebPage","@id":"https:\/\/labrador-retriever-verein.com\/cookie-richtlinie\/","url":"https:\/\/labrador-retriever-verein.com\/cookie-richtlinie\/","name":"Cookie-Richtlinie - Labrador Retriever Verein","isPartOf":{"@id":"https:\/\/labrador-retriever-verein.com\/#website"},"datePublished":"2022-11-26T16:30:48+00:00","dateModified":"2022-11-26T16:31:39+00:00","breadcrumb":{"@id":"https:\/\/labrador-retriever-verein.com\/cookie-richtlinie\/#breadcrumb"},"inLanguage":"de","potentialAction":[{"@type":"ReadAction","target":["https:\/\/labrador-retriever-verein.com\/cookie-richtlinie\/"]}]},{"@type":"BreadcrumbList","@id":"https:\/\/labrador-retriever-verein.com\/cookie-richtlinie\/#breadcrumb","itemListElement":[{"@type":"ListItem","position":1,"name":"Home","item":"https:\/\/labrador-retriever-verein.com\/"},{"@type":"ListItem","position":2,"name":"Cookie-Richtlinie"}]},{"@type":"WebSite","@id":"https:\/\/labrador-retriever-verein.com\/#website","url":"https:\/\/labrador-retriever-verein.com\/","name":"Labrador Retriever Verein","description":"Wir sind wirklich verliebt in Labradore","potentialAction":[{"@type":"SearchAction","target":{"@type":"EntryPoint","urlTemplate":"https:\/\/labrador-retriever-verein.com\/?s={search_term_string}"},"query-input":{"@type":"PropertyValueSpecification","valueRequired":true,"valueName":"search_term_string"}}],"inLanguage":"de"}]}},"_links":{"self":[{"href":"https:\/\/labrador-retriever-verein.com\/de\/wp-json\/wp\/v2\/pages\/1033","targetHints":{"allow":["GET"]}}],"collection":[{"href":"https:\/\/labrador-retriever-verein.com\/de\/wp-json\/wp\/v2\/pages"}],"about":[{"href":"https:\/\/labrador-retriever-verein.com\/de\/wp-json\/wp\/v2\/types\/page"}],"author":[{"embeddable":true,"href":"https:\/\/labrador-retriever-verein.com\/de\/wp-json\/wp\/v2\/users\/1"}],"replies":[{"embeddable":true,"href":"https:\/\/labrador-retriever-verein.com\/de\/wp-json\/wp\/v2\/comments?post=1033"}],"version-history":[{"count":0,"href":"https:\/\/labrador-retriever-verein.com\/de\/wp-json\/wp\/v2\/pages\/1033\/revisions"}],"wp:attachment":[{"href":"https:\/\/labrador-retriever-verein.com\/de\/wp-json\/wp\/v2\/media?parent=1033"}],"curies":[{"name":"wp","href":"https:\/\/api.w.org\/{rel}","templated":true}]}}